{"id":105,"date":"2025-08-06T12:24:49","date_gmt":"2025-08-06T09:24:49","guid":{"rendered":"http:\/\/www.sevil-deniz.com\/?page_id=105"},"modified":"2025-09-23T20:13:25","modified_gmt":"2025-09-23T17:13:25","slug":"hakkimizda","status":"publish","type":"page","link":"https:\/\/sevil-deniz.com\/en\/hakkimizda\/","title":{"rendered":"About Us"},"content":{"rendered":"<div data-elementor-type=\"wp-page\" data-elementor-id=\"105\" class=\"elementor elementor-105\">\n\t\t\t\t<div class=\"elementor-element elementor-element-6057e67 e-con-full e-flex e-con e-parent\" data-id=\"6057e67\" data-element_type=\"container\" data-e-type=\"container\">\n\t\t<div class=\"elementor-element elementor-element-f00d4b2 e-con-full e-flex e-con e-child\" data-id=\"f00d4b2\" data-element_type=\"container\" data-e-type=\"container\">\n\t\t\t\t<div class=\"elementor-element elementor-element-91e9caf elementor-widget elementor-widget-image\" data-id=\"91e9caf\" data-element_type=\"widget\" data-e-type=\"widget\" data-widget_type=\"image.default\">\n\t\t\t\t\t\t\t\t\t\t\t\t\t\t\t<img fetchpriority=\"high\" decoding=\"async\" width=\"260\" height=\"302\" src=\"https:\/\/sevil-deniz.com\/wp-content\/uploads\/2025\/08\/WhatsApp-Image-2025-08-18-at-12.41.12.jpeg\" class=\"attachment-full size-full wp-image-317\" alt=\"\" srcset=\"https:\/\/sevil-deniz.com\/wp-content\/uploads\/2025\/08\/WhatsApp-Image-2025-08-18-at-12.41.12.jpeg 260w, https:\/\/sevil-deniz.com\/wp-content\/uploads\/2025\/08\/WhatsApp-Image-2025-08-18-at-12.41.12-258x300.jpeg 258w, https:\/\/sevil-deniz.com\/wp-content\/uploads\/2025\/08\/WhatsApp-Image-2025-08-18-at-12.41.12-10x12.jpeg 10w\" sizes=\"(max-width: 260px) 100vw, 260px\" \/>\t\t\t\t\t\t\t\t\t\t\t\t\t\t\t<\/div>\n\t\t\t\t<\/div>\n\t\t<div class=\"elementor-element elementor-element-ce27283 e-con-full e-flex e-con e-child\" data-id=\"ce27283\" data-element_type=\"container\" data-e-type=\"container\">\n\t\t\t\t<div class=\"elementor-element elementor-element-c99126e elementor-widget__width-initial elementor-widget elementor-widget-text-editor\" data-id=\"c99126e\" data-element_type=\"widget\" data-e-type=\"widget\" data-widget_type=\"text-editor.default\">\n\t\t\t\t\t\t\t\t\t<h6><span style=\"font-weight: 400;\">Hello, I am <\/span><b>Sevil Deniz<\/b><span style=\"font-weight: 400;\">.<\/span><span style=\"font-weight: 400;\"><br \/><\/span><span style=\"font-weight: 400;\">I graduated from Tourism and Hotel Management, Media and Communication, Business Administration and Culinary departments. I share my experiences in the tourism field. <\/span><a href=\"http:\/\/www.sevildeniz.com\/\"><b>www.sevildeniz.com<\/b><\/a><span style=\"font-weight: 400;\"> I have a website called &quot;I have also written columns for many newspapers and magazines. My biggest passion in life is <\/span><b>trip<\/b><span style=\"font-weight: 400;\"> And <\/span><b>gastronomy<\/b><span style=\"font-weight: 400;\"> are indispensable for me.<\/span><br \/><br \/><span style=\"font-weight: 400;\">After working as a manager in corporate life for many years, with the impact of the changes created in our lives by the pandemic period, <\/span><b>to the real estate sector<\/b><span style=\"font-weight: 400;\"> After working for powerful corporate firms like Remax and Keller Williams, I decided to start my own real estate company.<\/span><br \/><br \/><span style=\"font-weight: 400;\">While working in the tourism sector for 28 years, <\/span><b>\u201cTrust is disposable!\u201d<\/b><span style=\"font-weight: 400;\"> I would say. By adopting the same principle in real estate, I offer my clients <\/span><b>as if I were selling or renting my own house<\/b><span style=\"font-weight: 400;\"> I provide meticulous service. In addition to being a Luxury Housing Specialist, I am also the source of your trust in commercial real estate and land.<\/span><br \/><br \/><span style=\"font-weight: 400;\">I&#039;m always here for you when you need a mansion, waterside residence, villa, or residence in Istanbul. If you&#039;re looking to invest in Bodrum, as well as any other Aegean or Mediterranean region, you can always reach me.<\/span><br \/><br \/><b>Your Family&#039;s Real Estate Solution Partner<\/b><span style=\"font-weight: 400;\"> Apart from T\u00fcrkiye, we also operate in many countries such as Dubai, Montenegro, Miami, Spain, England, Italy and Greece. <\/span><b>title deed<\/b><span style=\"font-weight: 400;\"> And <\/span><b>Golden Visa<\/b><span style=\"font-weight: 400;\"> I am with you until you finalize your processes.<\/span><br \/><br \/><span style=\"font-weight: 400;\">I continue to sail towards new horizons in the light of my dreams, and I wish to choose the key to your dreams together.<\/span><br \/><br \/><b>With love,<\/b><b><br \/><\/b><span style=\"font-weight: 400;\">Sevil Deniz<\/span><br \/><br \/><br style=\"font-weight: 400;\" \/><br style=\"font-weight: 400;\" \/><\/h6>\n<p style=\"caret-color: #000000; color: #000000; font-style: normal;\">\u00a0<\/p>\n<p><!-- \/wp:paragraph --><!-- wp:paragraph --><\/p>\t\t\t\t\t\t\t\t<\/div>\n\t\t\t\t<\/div>\n\t\t\t\t<\/div>\n\t\t\t\t<\/div>","protected":false},"excerpt":{"rendered":"<p>Merhaba, ben Sevil Deniz.Turizm ve Otel \u0130\u015fletmecili\u011fi, Medya ve \u0130leti\u015fim, \u0130\u015fletme ve A\u015f\u00e7\u0131l\u0131k b\u00f6l\u00fcmlerinden mezunum. Turizm alan\u0131ndaki deneyimlerimi payla\u015ft\u0131\u011f\u0131m www.sevildeniz.com [&hellip;]<\/p>\n","protected":false},"author":1,"featured_media":0,"parent":0,"menu_order":0,"comment_status":"closed","ping_status":"closed","template":"","meta":{"site-sidebar-layout":"default","site-content-layout":"","ast-site-content-layout":"default","site-content-style":"default","site-sidebar-style":"default","ast-global-header-display":"","ast-banner-title-visibility":"","ast-main-header-display":"","ast-hfb-above-header-display":"","ast-hfb-below-header-display":"","ast-hfb-mobile-header-display":"","site-post-title":"","ast-breadcrumbs-content":"","ast-featured-img":"","footer-sml-layout":"","theme-transparent-header-meta":"","adv-header-id-meta":"","stick-header-meta":"","header-above-stick-meta":"","header-main-stick-meta":"","header-below-stick-meta":"","astra-migrate-meta-layouts":"default","ast-page-background-enabled":"default","ast-page-background-meta":{"desktop":{"background-color":"var(--ast-global-color-5)","background-image":"","background-repeat":"repeat","background-position":"center center","background-size":"auto","background-attachment":"scroll","background-type":"","background-media":"","overlay-type":"","overlay-color":"","overlay-opacity":"","overlay-gradient":""},"tablet":{"background-color":"","background-image":"","background-repeat":"repeat","background-position":"center center","background-size":"auto","background-attachment":"scroll","background-type":"","background-media":"","overlay-type":"","overlay-color":"","overlay-opacity":"","overlay-gradient":""},"mobile":{"background-color":"","background-image":"","background-repeat":"repeat","background-position":"center center","background-size":"auto","background-attachment":"scroll","background-type":"","background-media":"","overlay-type":"","overlay-color":"","overlay-opacity":"","overlay-gradient":""}},"ast-content-background-meta":{"desktop":{"background-color":"var(--ast-global-color-4)","background-image":"","background-repeat":"repeat","background-position":"center center","background-size":"auto","background-attachment":"scroll","background-type":"","background-media":"","overlay-type":"","overlay-color":"","overlay-opacity":"","overlay-gradient":""},"tablet":{"background-color":"var(--ast-global-color-4)","background-image":"","background-repeat":"repeat","background-position":"center center","background-size":"auto","background-attachment":"scroll","background-type":"","background-media":"","overlay-type":"","overlay-color":"","overlay-opacity":"","overlay-gradient":""},"mobile":{"background-color":"var(--ast-global-color-4)","background-image":"","background-repeat":"repeat","background-position":"center center","background-size":"auto","background-attachment":"scroll","background-type":"","background-media":"","overlay-type":"","overlay-color":"","overlay-opacity":"","overlay-gradient":""}},"footnotes":""},"class_list":["post-105","page","type-page","status-publish","hentry"],"_links":{"self":[{"href":"https:\/\/sevil-deniz.com\/en\/wp-json\/wp\/v2\/pages\/105","targetHints":{"allow":["GET"]}}],"collection":[{"href":"https:\/\/sevil-deniz.com\/en\/wp-json\/wp\/v2\/pages"}],"about":[{"href":"https:\/\/sevil-deniz.com\/en\/wp-json\/wp\/v2\/types\/page"}],"author":[{"embeddable":true,"href":"https:\/\/sevil-deniz.com\/en\/wp-json\/wp\/v2\/users\/1"}],"replies":[{"embeddable":true,"href":"https:\/\/sevil-deniz.com\/en\/wp-json\/wp\/v2\/comments?post=105"}],"version-history":[{"count":48,"href":"https:\/\/sevil-deniz.com\/en\/wp-json\/wp\/v2\/pages\/105\/revisions"}],"predecessor-version":[{"id":877,"href":"https:\/\/sevil-deniz.com\/en\/wp-json\/wp\/v2\/pages\/105\/revisions\/877"}],"wp:attachment":[{"href":"https:\/\/sevil-deniz.com\/en\/wp-json\/wp\/v2\/media?parent=105"}],"curies":[{"name":"wp","href":"https:\/\/api.w.org\/{rel}","templated":true}]}}