{"id":105,"date":"2025-08-06T12:24:49","date_gmt":"2025-08-06T09:24:49","guid":{"rendered":"http:\/\/www.sevil-deniz.com\/?page_id=105"},"modified":"2025-09-23T20:13:25","modified_gmt":"2025-09-23T17:13:25","slug":"hakkimizda","status":"publish","type":"page","link":"https:\/\/sevil-deniz.com\/tr_tr\/hakkimizda\/","title":{"rendered":"Hakk\u0131m\u0131zda"},"content":{"rendered":"\t\t<div data-elementor-type=\"wp-page\" data-elementor-id=\"105\" class=\"elementor elementor-105\">\n\t\t\t\t<div class=\"elementor-element elementor-element-6057e67 e-con-full e-flex e-con e-parent\" data-id=\"6057e67\" data-element_type=\"container\" data-e-type=\"container\">\n\t\t<div class=\"elementor-element elementor-element-f00d4b2 e-con-full e-flex e-con e-child\" data-id=\"f00d4b2\" data-element_type=\"container\" data-e-type=\"container\">\n\t\t\t\t<div class=\"elementor-element elementor-element-91e9caf elementor-widget elementor-widget-image\" data-id=\"91e9caf\" data-element_type=\"widget\" data-e-type=\"widget\" data-widget_type=\"image.default\">\n\t\t\t\t\t\t\t\t\t\t\t\t\t\t\t<img fetchpriority=\"high\" decoding=\"async\" width=\"260\" height=\"302\" src=\"https:\/\/sevil-deniz.com\/wp-content\/uploads\/2025\/08\/WhatsApp-Image-2025-08-18-at-12.41.12.jpeg\" class=\"attachment-full size-full wp-image-317\" alt=\"\" srcset=\"https:\/\/sevil-deniz.com\/wp-content\/uploads\/2025\/08\/WhatsApp-Image-2025-08-18-at-12.41.12.jpeg 260w, https:\/\/sevil-deniz.com\/wp-content\/uploads\/2025\/08\/WhatsApp-Image-2025-08-18-at-12.41.12-258x300.jpeg 258w, https:\/\/sevil-deniz.com\/wp-content\/uploads\/2025\/08\/WhatsApp-Image-2025-08-18-at-12.41.12-10x12.jpeg 10w\" sizes=\"(max-width: 260px) 100vw, 260px\" \/>\t\t\t\t\t\t\t\t\t\t\t\t\t\t\t<\/div>\n\t\t\t\t<\/div>\n\t\t<div class=\"elementor-element elementor-element-ce27283 e-con-full e-flex e-con e-child\" data-id=\"ce27283\" data-element_type=\"container\" data-e-type=\"container\">\n\t\t\t\t<div class=\"elementor-element elementor-element-c99126e elementor-widget__width-initial elementor-widget elementor-widget-text-editor\" data-id=\"c99126e\" data-element_type=\"widget\" data-e-type=\"widget\" data-widget_type=\"text-editor.default\">\n\t\t\t\t\t\t\t\t\t<h6><span style=\"font-weight: 400;\">Merhaba, ben <\/span><b>Sevil Deniz<\/b><span style=\"font-weight: 400;\">.<\/span><span style=\"font-weight: 400;\"><br \/><\/span><span style=\"font-weight: 400;\">Turizm ve Otel \u0130\u015fletmecili\u011fi, Medya ve \u0130leti\u015fim, \u0130\u015fletme ve A\u015f\u00e7\u0131l\u0131k b\u00f6l\u00fcmlerinden mezunum. Turizm alan\u0131ndaki deneyimlerimi payla\u015ft\u0131\u011f\u0131m <\/span><a href=\"http:\/\/www.sevildeniz.com\/\"><b>www.sevildeniz.com<\/b><\/a><span style=\"font-weight: 400;\"> adl\u0131 bir web sitesine sahibim. Ayr\u0131ca bir\u00e7ok gazete ve dergide k\u00f6\u015fe yazarl\u0131\u011f\u0131 yapt\u0131m. Hayat\u0131m\u0131n en b\u00fcy\u00fck tutkusu olan <\/span><b>seyahat<\/b><span style=\"font-weight: 400;\"> ve <\/span><b>gastronomi<\/b><span style=\"font-weight: 400;\"> ise vazge\u00e7ilmezlerimdir.<\/span><br \/><br \/><span style=\"font-weight: 400;\">Uzun y\u0131llar kurumsal hayatta y\u00f6neticilik yapt\u0131ktan sonra, pandemi d\u00f6neminin hayat\u0131m\u0131zda yaratt\u0131\u011f\u0131 de\u011fi\u015fimlerin de etkisiyle <\/span><b>gayrimenkul sekt\u00f6r\u00fcne<\/b><span style=\"font-weight: 400;\"> ad\u0131m att\u0131m. Remax ve Keller Williams gibi g\u00fc\u00e7l\u00fc kurumsal firmalarda \u00e7al\u0131\u015ft\u0131ktan sonra, kendi gayrimenkul \u015firketimi kurmaya karar verdim.<\/span><br \/><br \/><span style=\"font-weight: 400;\">28 y\u0131l turizm sekt\u00f6r\u00fcnde \u00e7al\u0131\u015f\u0131rken, her zaman <\/span><b>\u201cG\u00fcven tek kullan\u0131ml\u0131kt\u0131r!\u201d<\/b><span style=\"font-weight: 400;\"> derdim. Gayrimenkulde de ayn\u0131 ilkeyi benimseyerek, m\u00fc\u015fterilerime <\/span><b>kendi evimi sat\u0131yor veya kiral\u0131yormu\u015f gibi<\/b><span style=\"font-weight: 400;\"> titizlikle hizmet veriyorum. L\u00fcks Konut Uzman\u0131 olman\u0131n yan\u0131 s\u0131ra ticari gayrimenkuller ve arsa\u2013arazi alanlar\u0131nda da g\u00fcveninizin eseriyim.<\/span><br \/><br \/><span style=\"font-weight: 400;\">\u0130stanbul\u2019da k\u00f6\u015fk, yal\u0131, villa veya rezidans ihtiyac\u0131n\u0131z oldu\u011funda her zaman yan\u0131n\u0131zday\u0131m. Bodrum ba\u015fta olmak \u00fczere t\u00fcm Ege ve Akdeniz b\u00f6lgelerinde yat\u0131r\u0131m yapmak isterseniz bana her zaman ula\u015fabilirsiniz.<\/span><br \/><br \/><b>Ailenizin Gayrimenkul \u00c7\u00f6z\u00fcm Orta\u011f\u0131<\/b><span style=\"font-weight: 400;\"> olarak T\u00fcrkiye d\u0131\u015f\u0131nda da, Dubai, Karada\u011f (Montenegro), Miami, \u0130spanya, \u0130ngiltere, \u0130talya, Yunanistan gibi bir\u00e7ok \u00fclkede <\/span><b>tapu<\/b><span style=\"font-weight: 400;\"> ve <\/span><b>Golden Visa<\/b><span style=\"font-weight: 400;\"> s\u00fcre\u00e7lerinizi sonu\u00e7land\u0131rana kadar yan\u0131n\u0131zday\u0131m.<\/span><br \/><br \/><span style=\"font-weight: 400;\">Hayallerimin \u0131\u015f\u0131\u011f\u0131nda yeni ufuklara yelken a\u00e7maya devam ediyor, sizin hayallerinizin anahtar\u0131n\u0131 birlikte se\u00e7meyi diliyorum.<\/span><br \/><br \/><b>Sevgilerimle,<\/b><b><br \/><\/b><span style=\"font-weight: 400;\">Sevil Deniz<\/span><br \/><br \/><br style=\"font-weight: 400;\" \/><br style=\"font-weight: 400;\" \/><\/h6>\n<p style=\"caret-color: #000000; color: #000000; font-style: normal;\">\u00a0<\/p>\n<p><!-- \/wp:paragraph --><!-- wp:paragraph --><\/p>\t\t\t\t\t\t\t\t<\/div>\n\t\t\t\t<\/div>\n\t\t\t\t<\/div>\n\t\t\t\t<\/div>\n\t\t","protected":false},"excerpt":{"rendered":"<p>Merhaba, ben Sevil Deniz.Turizm ve Otel \u0130\u015fletmecili\u011fi, Medya ve \u0130leti\u015fim, \u0130\u015fletme ve A\u015f\u00e7\u0131l\u0131k b\u00f6l\u00fcmlerinden mezunum. Turizm alan\u0131ndaki deneyimlerimi payla\u015ft\u0131\u011f\u0131m www.sevildeniz.com [&hellip;]<\/p>\n","protected":false},"author":1,"featured_media":0,"parent":0,"menu_order":0,"comment_status":"closed","ping_status":"closed","template":"","meta":{"site-sidebar-layout":"default","site-content-layout":"","ast-site-content-layout":"default","site-content-style":"default","site-sidebar-style":"default","ast-global-header-display":"","ast-banner-title-visibility":"","ast-main-header-display":"","ast-hfb-above-header-display":"","ast-hfb-below-header-display":"","ast-hfb-mobile-header-display":"","site-post-title":"","ast-breadcrumbs-content":"","ast-featured-img":"","footer-sml-layout":"","theme-transparent-header-meta":"","adv-header-id-meta":"","stick-header-meta":"","header-above-stick-meta":"","header-main-stick-meta":"","header-below-stick-meta":"","astra-migrate-meta-layouts":"default","ast-page-background-enabled":"default","ast-page-background-meta":{"desktop":{"background-color":"var(--ast-global-color-5)","background-image":"","background-repeat":"repeat","background-position":"center center","background-size":"auto","background-attachment":"scroll","background-type":"","background-media":"","overlay-type":"","overlay-color":"","overlay-opacity":"","overlay-gradient":""},"tablet":{"background-color":"","background-image":"","background-repeat":"repeat","background-position":"center center","background-size":"auto","background-attachment":"scroll","background-type":"","background-media":"","overlay-type":"","overlay-color":"","overlay-opacity":"","overlay-gradient":""},"mobile":{"background-color":"","background-image":"","background-repeat":"repeat","background-position":"center center","background-size":"auto","background-attachment":"scroll","background-type":"","background-media":"","overlay-type":"","overlay-color":"","overlay-opacity":"","overlay-gradient":""}},"ast-content-background-meta":{"desktop":{"background-color":"var(--ast-global-color-4)","background-image":"","background-repeat":"repeat","background-position":"center center","background-size":"auto","background-attachment":"scroll","background-type":"","background-media":"","overlay-type":"","overlay-color":"","overlay-opacity":"","overlay-gradient":""},"tablet":{"background-color":"var(--ast-global-color-4)","background-image":"","background-repeat":"repeat","background-position":"center center","background-size":"auto","background-attachment":"scroll","background-type":"","background-media":"","overlay-type":"","overlay-color":"","overlay-opacity":"","overlay-gradient":""},"mobile":{"background-color":"var(--ast-global-color-4)","background-image":"","background-repeat":"repeat","background-position":"center center","background-size":"auto","background-attachment":"scroll","background-type":"","background-media":"","overlay-type":"","overlay-color":"","overlay-opacity":"","overlay-gradient":""}},"footnotes":""},"class_list":["post-105","page","type-page","status-publish","hentry"],"_links":{"self":[{"href":"https:\/\/sevil-deniz.com\/tr_tr\/wp-json\/wp\/v2\/pages\/105","targetHints":{"allow":["GET"]}}],"collection":[{"href":"https:\/\/sevil-deniz.com\/tr_tr\/wp-json\/wp\/v2\/pages"}],"about":[{"href":"https:\/\/sevil-deniz.com\/tr_tr\/wp-json\/wp\/v2\/types\/page"}],"author":[{"embeddable":true,"href":"https:\/\/sevil-deniz.com\/tr_tr\/wp-json\/wp\/v2\/users\/1"}],"replies":[{"embeddable":true,"href":"https:\/\/sevil-deniz.com\/tr_tr\/wp-json\/wp\/v2\/comments?post=105"}],"version-history":[{"count":48,"href":"https:\/\/sevil-deniz.com\/tr_tr\/wp-json\/wp\/v2\/pages\/105\/revisions"}],"predecessor-version":[{"id":877,"href":"https:\/\/sevil-deniz.com\/tr_tr\/wp-json\/wp\/v2\/pages\/105\/revisions\/877"}],"wp:attachment":[{"href":"https:\/\/sevil-deniz.com\/tr_tr\/wp-json\/wp\/v2\/media?parent=105"}],"curies":[{"name":"wp","href":"https:\/\/api.w.org\/{rel}","templated":true}]}}