{"id":48,"date":"2025-08-05T14:53:41","date_gmt":"2025-08-05T11:53:41","guid":{"rendered":"http:\/\/www.sevil-deniz.com\/?page_id=48"},"modified":"2025-11-25T19:50:37","modified_gmt":"2025-11-25T16:50:37","slug":"golden-visa","status":"publish","type":"page","link":"https:\/\/sevil-deniz.com\/tr_tr\/golden-visa\/","title":{"rendered":"Golden Visa"},"content":{"rendered":"\t\t<div data-elementor-type=\"wp-page\" data-elementor-id=\"48\" class=\"elementor elementor-48\">\n\t\t\t\t<div class=\"elementor-element elementor-element-695a4f22 e-flex e-con-boxed e-con e-parent\" data-id=\"695a4f22\" data-element_type=\"container\" data-e-type=\"container\">\n\t\t\t\t\t<div class=\"e-con-inner\">\n\t\t\t\t<div class=\"elementor-element elementor-element-26ece0ff elementor-widget elementor-widget-text-editor\" data-id=\"26ece0ff\" data-element_type=\"widget\" data-e-type=\"widget\" data-widget_type=\"text-editor.default\">\n\t\t\t\t\t\t\t\t\t<p><\/p>\n<p class=\"has-text-align-center\">D\u00fcnyan\u0131n en prestijli projelerinde yapaca\u011f\u0131n\u0131z gayrimenkul yat\u0131r\u0131m\u0131 ile Dubai\u2019de, Yunanistan, A.B.D v.b \u00fclkelerde Golden Visa ( Oturum Hakk\u0131 ) s\u00fcre\u00e7lerinizi sizinle birlikte y\u00f6netiyoruz.<\/p>\n<p><\/p>\n<p><\/p>\t\t\t\t\t\t\t\t<\/div>\n\t\t\t\t\t<\/div>\n\t\t\t\t<\/div>\n\t\t\t\t<\/div>\n\t\t","protected":false},"excerpt":{"rendered":"<p>D\u00fcnyan\u0131n en prestijli projelerinde yapaca\u011f\u0131n\u0131z gayrimenkul yat\u0131r\u0131m\u0131 ile Dubai\u2019de, Yunanistan, A.B.D v.b \u00fclkelerde Golden Visa ( Oturum Hakk\u0131 ) s\u00fcre\u00e7lerinizi [&hellip;]<\/p>\n","protected":false},"author":1,"featured_media":0,"parent":0,"menu_order":0,"comment_status":"closed","ping_status":"closed","template":"","meta":{"site-sidebar-layout":"default","site-content-layout":"","ast-site-content-layout":"default","site-content-style":"default","site-sidebar-style":"default","ast-global-header-display":"","ast-banner-title-visibility":"","ast-main-header-display":"","ast-hfb-above-header-display":"","ast-hfb-below-header-display":"","ast-hfb-mobile-header-display":"","site-post-title":"","ast-breadcrumbs-content":"","ast-featured-img":"","footer-sml-layout":"","theme-transparent-header-meta":"","adv-header-id-meta":"","stick-header-meta":"","header-above-stick-meta":"","header-main-stick-meta":"","header-below-stick-meta":"","astra-migrate-meta-layouts":"default","ast-page-background-enabled":"default","ast-page-background-meta":{"desktop":{"background-color":"var(--ast-global-color-5)","background-image":"","background-repeat":"repeat","background-position":"center center","background-size":"auto","background-attachment":"scroll","background-type":"","background-media":"","overlay-type":"","overlay-color":"","overlay-opacity":"","overlay-gradient":""},"tablet":{"background-color":"","background-image":"","background-repeat":"repeat","background-position":"center center","background-size":"auto","background-attachment":"scroll","background-type":"","background-media":"","overlay-type":"","overlay-color":"","overlay-opacity":"","overlay-gradient":""},"mobile":{"background-color":"","background-image":"","background-repeat":"repeat","background-position":"center center","background-size":"auto","background-attachment":"scroll","background-type":"","background-media":"","overlay-type":"","overlay-color":"","overlay-opacity":"","overlay-gradient":""}},"ast-content-background-meta":{"desktop":{"background-color":"var(--ast-global-color-4)","background-image":"","background-repeat":"repeat","background-position":"center center","background-size":"auto","background-attachment":"scroll","background-type":"","background-media":"","overlay-type":"","overlay-color":"","overlay-opacity":"","overlay-gradient":""},"tablet":{"background-color":"var(--ast-global-color-4)","background-image":"","background-repeat":"repeat","background-position":"center center","background-size":"auto","background-attachment":"scroll","background-type":"","background-media":"","overlay-type":"","overlay-color":"","overlay-opacity":"","overlay-gradient":""},"mobile":{"background-color":"var(--ast-global-color-4)","background-image":"","background-repeat":"repeat","background-position":"center center","background-size":"auto","background-attachment":"scroll","background-type":"","background-media":"","overlay-type":"","overlay-color":"","overlay-opacity":"","overlay-gradient":""}},"footnotes":""},"class_list":["post-48","page","type-page","status-publish","hentry"],"_links":{"self":[{"href":"https:\/\/sevil-deniz.com\/tr_tr\/wp-json\/wp\/v2\/pages\/48","targetHints":{"allow":["GET"]}}],"collection":[{"href":"https:\/\/sevil-deniz.com\/tr_tr\/wp-json\/wp\/v2\/pages"}],"about":[{"href":"https:\/\/sevil-deniz.com\/tr_tr\/wp-json\/wp\/v2\/types\/page"}],"author":[{"embeddable":true,"href":"https:\/\/sevil-deniz.com\/tr_tr\/wp-json\/wp\/v2\/users\/1"}],"replies":[{"embeddable":true,"href":"https:\/\/sevil-deniz.com\/tr_tr\/wp-json\/wp\/v2\/comments?post=48"}],"version-history":[{"count":13,"href":"https:\/\/sevil-deniz.com\/tr_tr\/wp-json\/wp\/v2\/pages\/48\/revisions"}],"predecessor-version":[{"id":968,"href":"https:\/\/sevil-deniz.com\/tr_tr\/wp-json\/wp\/v2\/pages\/48\/revisions\/968"}],"wp:attachment":[{"href":"https:\/\/sevil-deniz.com\/tr_tr\/wp-json\/wp\/v2\/media?parent=48"}],"curies":[{"name":"wp","href":"https:\/\/api.w.org\/{rel}","templated":true}]}}