{"id":52,"date":"2025-08-05T14:53:41","date_gmt":"2025-08-05T11:53:41","guid":{"rendered":"http:\/\/www.sevil-deniz.com\/?page_id=52"},"modified":"2025-11-26T11:33:21","modified_gmt":"2025-11-26T08:33:21","slug":"iletisim","status":"publish","type":"page","link":"https:\/\/sevil-deniz.com\/tr_tr\/iletisim\/","title":{"rendered":"\u0130leti\u015fim"},"content":{"rendered":"\t\t<div data-elementor-type=\"wp-page\" data-elementor-id=\"52\" class=\"elementor elementor-52\">\n\t\t\t\t<div class=\"elementor-element elementor-element-bf853f3 e-flex e-con-boxed e-con e-parent\" data-id=\"bf853f3\" data-element_type=\"container\" data-e-type=\"container\">\n\t\t\t\t\t<div class=\"e-con-inner\">\n\t\t\t\t<div class=\"elementor-element elementor-element-5074e4e1 elementor-widget elementor-widget-text-editor\" data-id=\"5074e4e1\" data-element_type=\"widget\" data-e-type=\"widget\" data-widget_type=\"text-editor.default\">\n\t\t\t\t\t\t\t\t\t\n<p class=\"blockart-paragraph blockart-paragraph-5d4b4f8f\">Sevil Deniz \u2013 +90 532 236 86 72<\/p>\n<p><style>\n        label {\n            color: red !important;\n            font-weight: bold;\n            display: block;\n            margin-bottom: 6px;\n        }\n        input[type=\"text\"],\n        input[type=\"email\"],\n        input[type=\"tel\"],\n        textarea {\n            width: 100%;\n            padding: 8px;\n            margin-top: 4px;\n            margin-bottom: 15px;\n            border: 1px solid #ccc;\n            border-radius: 4px;\n            color: #000;\n            background-color: #fff;\n            font-size: 14px;\n        }\n        .radio-group label {\n            display: inline-block;\n            margin-right: 15px;\n            font-weight: normal;\n            color: #000;\n        }\n        button {\n            padding: 10px 20px;\n            font-weight: bold;\n        }\n    <\/style>\n<form method=\"post\" action=\"\">\n        <input type=\"hidden\" id=\"iletisim_formu_nonce\" name=\"iletisim_formu_nonce\" value=\"c7e3210118\" \/><input type=\"hidden\" name=\"_wp_http_referer\" value=\"\/tr_tr\/wp-json\/wp\/v2\/pages\/52\" \/><br \/>\n        <label>1) Ad\u0131n\u0131z Soyad\u0131n\u0131z*<br \/>\n            <input type=\"text\" name=\"ad_soyad\" required><br \/>\n        <\/label><\/p>\n<p>        <label>2) E-posta Adresiniz*<br \/>\n            <input type=\"email\" name=\"email\" required><br \/>\n        <\/label><\/p>\n<p>        <label>3) Telefon Numaran\u0131z*<br \/>\n            <input type=\"tel\" name=\"telefon\" required><br \/>\n        <\/label><\/p>\n<p>        <label>4) Talebiniz*<\/p>\n<div class=\"radio-group\">\n                <label><input type=\"radio\" name=\"talep\" value=\"Ticari\" required> Ticari<\/label><br \/>\n                <label><input type=\"radio\" name=\"talep\" value=\"Konut\" required> Konut<\/label><br \/>\n                <label><input type=\"radio\" name=\"talep\" value=\"Arsa\/Arazi\" required> Arsa\/Arazi<\/label>\n            <\/div>\n<p>        <\/label><\/p>\n<p>        <label>5) B\u00fct\u00e7eniz*<br \/>\n            <input type=\"text\" name=\"butce\" required><br \/>\n        <\/label><\/p>\n<p>        <label>6) Talebiniz i\u00e7in d\u00fc\u015f\u00fcnd\u00fc\u011f\u00fcn\u00fcz b\u00f6lgeler*<br \/>\n            <textarea name=\"bolgeler\" required rows=\"3\"><\/textarea><br \/>\n        <\/label><\/p>\n<p>        <label>7) Ne kadar s\u00fcre i\u00e7inde al\u0131m ve\/veya sat\u0131m yapmak istiyorsunuz?*<br \/>\n            <input type=\"text\" name=\"sure\" required><br \/>\n        <\/label><\/p>\n<p>        <label>8) Belirtmek istedi\u011finiz di\u011fer konular<br \/>\n            <textarea name=\"diger\" rows=\"3\"><\/textarea><br \/>\n        <\/label><\/p>\n<p>        <button type=\"submit\">G\u00f6nder<\/button><br \/>\n    <\/form><\/p>\n\t\t\t\t\t\t\t\t<\/div>\n\t\t\t\t\t<\/div>\n\t\t\t\t<\/div>\n\t\t\t\t<\/div>\n\t\t","protected":false},"excerpt":{"rendered":"","protected":false},"author":1,"featured_media":0,"parent":0,"menu_order":0,"comment_status":"closed","ping_status":"closed","template":"","meta":{"site-sidebar-layout":"default","site-content-layout":"","ast-site-content-layout":"default","site-content-style":"default","site-sidebar-style":"default","ast-global-header-display":"","ast-banner-title-visibility":"","ast-main-header-display":"","ast-hfb-above-header-display":"","ast-hfb-below-header-display":"","ast-hfb-mobile-header-display":"","site-post-title":"","ast-breadcrumbs-content":"","ast-featured-img":"","footer-sml-layout":"","theme-transparent-header-meta":"","adv-header-id-meta":"","stick-header-meta":"","header-above-stick-meta":"","header-main-stick-meta":"","header-below-stick-meta":"","astra-migrate-meta-layouts":"default","ast-page-background-enabled":"default","ast-page-background-meta":{"desktop":{"background-color":"var(--ast-global-color-5)","background-image":"","background-repeat":"repeat","background-position":"center center","background-size":"auto","background-attachment":"scroll","background-type":"","background-media":"","overlay-type":"","overlay-color":"","overlay-opacity":"","overlay-gradient":""},"tablet":{"background-color":"","background-image":"","background-repeat":"repeat","background-position":"center center","background-size":"auto","background-attachment":"scroll","background-type":"","background-media":"","overlay-type":"","overlay-color":"","overlay-opacity":"","overlay-gradient":""},"mobile":{"background-color":"","background-image":"","background-repeat":"repeat","background-position":"center center","background-size":"auto","background-attachment":"scroll","background-type":"","background-media":"","overlay-type":"","overlay-color":"","overlay-opacity":"","overlay-gradient":""}},"ast-content-background-meta":{"desktop":{"background-color":"var(--ast-global-color-4)","background-image":"","background-repeat":"repeat","background-position":"center center","background-size":"auto","background-attachment":"scroll","background-type":"","background-media":"","overlay-type":"","overlay-color":"","overlay-opacity":"","overlay-gradient":""},"tablet":{"background-color":"var(--ast-global-color-4)","background-image":"","background-repeat":"repeat","background-position":"center center","background-size":"auto","background-attachment":"scroll","background-type":"","background-media":"","overlay-type":"","overlay-color":"","overlay-opacity":"","overlay-gradient":""},"mobile":{"background-color":"var(--ast-global-color-4)","background-image":"","background-repeat":"repeat","background-position":"center center","background-size":"auto","background-attachment":"scroll","background-type":"","background-media":"","overlay-type":"","overlay-color":"","overlay-opacity":"","overlay-gradient":""}},"footnotes":""},"class_list":["post-52","page","type-page","status-publish","hentry"],"_links":{"self":[{"href":"https:\/\/sevil-deniz.com\/tr_tr\/wp-json\/wp\/v2\/pages\/52","targetHints":{"allow":["GET"]}}],"collection":[{"href":"https:\/\/sevil-deniz.com\/tr_tr\/wp-json\/wp\/v2\/pages"}],"about":[{"href":"https:\/\/sevil-deniz.com\/tr_tr\/wp-json\/wp\/v2\/types\/page"}],"author":[{"embeddable":true,"href":"https:\/\/sevil-deniz.com\/tr_tr\/wp-json\/wp\/v2\/users\/1"}],"replies":[{"embeddable":true,"href":"https:\/\/sevil-deniz.com\/tr_tr\/wp-json\/wp\/v2\/comments?post=52"}],"version-history":[{"count":36,"href":"https:\/\/sevil-deniz.com\/tr_tr\/wp-json\/wp\/v2\/pages\/52\/revisions"}],"predecessor-version":[{"id":986,"href":"https:\/\/sevil-deniz.com\/tr_tr\/wp-json\/wp\/v2\/pages\/52\/revisions\/986"}],"wp:attachment":[{"href":"https:\/\/sevil-deniz.com\/tr_tr\/wp-json\/wp\/v2\/media?parent=52"}],"curies":[{"name":"wp","href":"https:\/\/api.w.org\/{rel}","templated":true}]}}